{"id":201,"date":"2025-08-25T11:13:15","date_gmt":"2025-08-25T09:13:15","guid":{"rendered":"https:\/\/dreluso-lohnherstellung.de\/?page_id=201"},"modified":"2026-03-20T09:24:15","modified_gmt":"2026-03-20T08:24:15","slug":"zertifikate-2","status":"publish","type":"page","link":"https:\/\/dreluso-lohnherstellung.de\/en\/zertifikate-2\/","title":{"rendered":"Certificates"},"content":{"rendered":"<div class=\"wp-block-uagb-container uagb-block-9d29671a alignfull uagb-is-root-container\"><div class=\"uagb-container-inner-blocks-wrap\">\n<p class=\"has-text-color has-link-color has-large-font-size wp-elements-331eb7f96093f4f4c2228ec861e8f0ed\" style=\"color:#434444;margin-top:0;margin-bottom:0;font-style:normal;font-weight:500\">Certificates<\/p>\n\n\n\n<div class=\"wp-block-uagb-separator uagb-block-fa1ae551\"><div class=\"wp-block-uagb-separator__inner\" style=\"--my-background-image:\"><\/div><\/div>\n<\/div><\/div>\n\n\n\n<div class=\"wp-block-uagb-container uagb-block-ab745a05 alignfull uagb-is-root-container\"><div class=\"uagb-container-inner-blocks-wrap\">\n<div class=\"wp-block-uagb-container uagb-block-25c1414a\">\n<h3 class=\"wp-block-heading\" style=\"margin-top:0;margin-bottom:0\">Manufacturing License<br><\/h3>\n\n\n\n<p style=\"margin-top:0;margin-bottom:0\">according to pharmaceutical law<\/p>\n<\/div>\n\n\n\n<div class=\"wp-block-uagb-container uagb-block-f0342285\">\n<h3 class=\"wp-block-heading\" style=\"margin-top:0;margin-bottom:0\">GMP &#8211; Good Manufacturing Practice Steinbrinksweg<\/h3>\n\n\n\n<p style=\"margin-top:0;margin-bottom:0\">according to the directive 2003\/94\/EG<\/p>\n<\/div>\n\n\n\n<div class=\"wp-block-uagb-container uagb-block-b569a939\">\n<h3 class=\"wp-block-heading\" style=\"margin-top:0;margin-bottom:0\">GMP &#8211; Good Manufacturing Practice S\u00fcdstra\u00dfe<\/h3>\n\n\n\n<p style=\"margin-top:0;margin-bottom:0\">according to the directive 2003\/94\/EG<\/p>\n<\/div>\n<\/div><\/div>\n\n\n\n<div class=\"wp-block-uagb-container uagb-block-90fb230f alignfull uagb-is-root-container\"><div class=\"uagb-container-inner-blocks-wrap\">\n<div class=\"wp-block-uagb-container uagb-block-828ce72a\">\n<figure class=\"wp-block-image size-large\"><a href=\"https:\/\/dreluso-lohnherstellung.de\/wp-content\/uploads\/2026\/03\/Herstellungserlaubnis_2025.jpg\"><img loading=\"lazy\" decoding=\"async\" width=\"724\" height=\"1024\" src=\"https:\/\/dreluso-lohnherstellung.de\/wp-content\/uploads\/2026\/03\/Herstellungserlaubnis_2025-724x1024.jpg\" alt=\"Herstellerlaubnis 2025\" class=\"wp-image-246\" srcset=\"https:\/\/dreluso-lohnherstellung.de\/wp-content\/uploads\/2026\/03\/Herstellungserlaubnis_2025-724x1024.jpg 724w, https:\/\/dreluso-lohnherstellung.de\/wp-content\/uploads\/2026\/03\/Herstellungserlaubnis_2025-212x300.jpg 212w, https:\/\/dreluso-lohnherstellung.de\/wp-content\/uploads\/2026\/03\/Herstellungserlaubnis_2025-768x1086.jpg 768w, https:\/\/dreluso-lohnherstellung.de\/wp-content\/uploads\/2026\/03\/Herstellungserlaubnis_2025-1087x1536.jpg 1087w, https:\/\/dreluso-lohnherstellung.de\/wp-content\/uploads\/2026\/03\/Herstellungserlaubnis_2025-8x12.jpg 8w, https:\/\/dreluso-lohnherstellung.de\/wp-content\/uploads\/2026\/03\/Herstellungserlaubnis_2025.jpg 1240w\" sizes=\"auto, (max-width: 724px) 100vw, 724px\" \/><\/a><\/figure>\n<\/div>\n\n\n\n<div class=\"wp-block-uagb-container uagb-block-77a45ff1\">\n<figure class=\"wp-block-image size-large\"><a href=\"https:\/\/dreluso-lohnherstellung.de\/wp-content\/uploads\/2026\/03\/GMP_Human_Steinbrinksweg-1.jpg\"><img loading=\"lazy\" decoding=\"async\" width=\"724\" height=\"1024\" src=\"https:\/\/dreluso-lohnherstellung.de\/wp-content\/uploads\/2026\/03\/GMP_Human_Steinbrinksweg-1-724x1024.jpg\" alt=\"GMP-Erlaubnis Steinbrinksweg\" class=\"wp-image-249\" srcset=\"https:\/\/dreluso-lohnherstellung.de\/wp-content\/uploads\/2026\/03\/GMP_Human_Steinbrinksweg-1-724x1024.jpg 724w, https:\/\/dreluso-lohnherstellung.de\/wp-content\/uploads\/2026\/03\/GMP_Human_Steinbrinksweg-1-212x300.jpg 212w, https:\/\/dreluso-lohnherstellung.de\/wp-content\/uploads\/2026\/03\/GMP_Human_Steinbrinksweg-1-768x1086.jpg 768w, https:\/\/dreluso-lohnherstellung.de\/wp-content\/uploads\/2026\/03\/GMP_Human_Steinbrinksweg-1-1087x1536.jpg 1087w, https:\/\/dreluso-lohnherstellung.de\/wp-content\/uploads\/2026\/03\/GMP_Human_Steinbrinksweg-1-8x12.jpg 8w, https:\/\/dreluso-lohnherstellung.de\/wp-content\/uploads\/2026\/03\/GMP_Human_Steinbrinksweg-1.jpg 1240w\" sizes=\"auto, (max-width: 724px) 100vw, 724px\" \/><\/a><\/figure>\n<\/div>\n\n\n\n<div class=\"wp-block-uagb-container uagb-block-05dc0b11\">\n<figure class=\"wp-block-image size-large\"><a href=\"https:\/\/dreluso-lohnherstellung.de\/wp-content\/uploads\/2026\/03\/GMP_Human_Suedstrasse-1.jpg\"><img loading=\"lazy\" decoding=\"async\" width=\"724\" height=\"1024\" src=\"https:\/\/dreluso-lohnherstellung.de\/wp-content\/uploads\/2026\/03\/GMP_Human_Suedstrasse-1-724x1024.jpg\" alt=\"GMP-Zertifikat S\u00fcdstra\u00dfe\" class=\"wp-image-253\" srcset=\"https:\/\/dreluso-lohnherstellung.de\/wp-content\/uploads\/2026\/03\/GMP_Human_Suedstrasse-1-724x1024.jpg 724w, https:\/\/dreluso-lohnherstellung.de\/wp-content\/uploads\/2026\/03\/GMP_Human_Suedstrasse-1-212x300.jpg 212w, https:\/\/dreluso-lohnherstellung.de\/wp-content\/uploads\/2026\/03\/GMP_Human_Suedstrasse-1-768x1086.jpg 768w, https:\/\/dreluso-lohnherstellung.de\/wp-content\/uploads\/2026\/03\/GMP_Human_Suedstrasse-1-1087x1536.jpg 1087w, https:\/\/dreluso-lohnherstellung.de\/wp-content\/uploads\/2026\/03\/GMP_Human_Suedstrasse-1-8x12.jpg 8w, https:\/\/dreluso-lohnherstellung.de\/wp-content\/uploads\/2026\/03\/GMP_Human_Suedstrasse-1.jpg 1240w\" sizes=\"auto, (max-width: 724px) 100vw, 724px\" \/><\/a><\/figure>\n<\/div>\n<\/div><\/div>","protected":false},"excerpt":{"rendered":"<p>Zertifikate Herstellungserlaubnis gem\u00e4\u00df Arzneimittelgesetz GMP &#8211; Good Manufacturing Practice Steinbrinksweg gem\u00e4\u00df der Richtlinie 2003\/94\/EG GMP &#8211; Good Manufacturing Practice S\u00fcdstra\u00dfe [&hellip;]<\/p>\n","protected":false},"author":1,"featured_media":0,"parent":0,"menu_order":0,"comment_status":"closed","ping_status":"closed","template":"","meta":{"_uag_custom_page_level_css":"","site-sidebar-layout":"default","site-content-layout":"","ast-site-content-layout":"default","site-content-style":"default","site-sidebar-style":"default","ast-global-header-display":"","ast-banner-title-visibility":"","ast-main-header-display":"","ast-hfb-above-header-display":"","ast-hfb-below-header-display":"","ast-hfb-mobile-header-display":"","site-post-title":"disabled","ast-breadcrumbs-content":"","ast-featured-img":"","footer-sml-layout":"","theme-transparent-header-meta":"","adv-header-id-meta":"","stick-header-meta":"","header-above-stick-meta":"","header-main-stick-meta":"","header-below-stick-meta":"","astra-migrate-meta-layouts":"default","ast-page-background-enabled":"default","ast-page-background-meta":{"desktop":{"background-color":"var(--ast-global-color-5)","background-image":"","background-repeat":"repeat","background-position":"center center","background-size":"auto","background-attachment":"scroll","background-type":"","background-media":"","overlay-type":"","overlay-color":"","overlay-opacity":"","overlay-gradient":""},"tablet":{"background-color":"","background-image":"","background-repeat":"repeat","background-position":"center center","background-size":"auto","background-attachment":"scroll","background-type":"","background-media":"","overlay-type":"","overlay-color":"","overlay-opacity":"","overlay-gradient":""},"mobile":{"background-color":"","background-image":"","background-repeat":"repeat","background-position":"center center","background-size":"auto","background-attachment":"scroll","background-type":"","background-media":"","overlay-type":"","overlay-color":"","overlay-opacity":"","overlay-gradient":""}},"ast-content-background-meta":{"desktop":{"background-color":"var(--ast-global-color-4)","background-image":"","background-repeat":"repeat","background-position":"center center","background-size":"auto","background-attachment":"scroll","background-type":"","background-media":"","overlay-type":"","overlay-color":"","overlay-opacity":"","overlay-gradient":""},"tablet":{"background-color":"var(--ast-global-color-4)","background-image":"","background-repeat":"repeat","background-position":"center center","background-size":"auto","background-attachment":"scroll","background-type":"","background-media":"","overlay-type":"","overlay-color":"","overlay-opacity":"","overlay-gradient":""},"mobile":{"background-color":"var(--ast-global-color-4)","background-image":"","background-repeat":"repeat","background-position":"center center","background-size":"auto","background-attachment":"scroll","background-type":"","background-media":"","overlay-type":"","overlay-color":"","overlay-opacity":"","overlay-gradient":""}},"footnotes":""},"class_list":["post-201","page","type-page","status-publish","hentry"],"uagb_featured_image_src":{"full":false,"thumbnail":false,"medium":false,"medium_large":false,"large":false,"1536x1536":false,"2048x2048":false,"trp-custom-language-flag":false},"uagb_author_info":{"display_name":"lohnherstellung","author_link":"https:\/\/dreluso-lohnherstellung.de\/en\/author\/lohnherstellung\/"},"uagb_comment_info":0,"uagb_excerpt":"Zertifikate Herstellungserlaubnis gem\u00e4\u00df Arzneimittelgesetz GMP &#8211; Good Manufacturing Practice Steinbrinksweg gem\u00e4\u00df der Richtlinie 2003\/94\/EG GMP &#8211; Good Manufacturing Practice S\u00fcdstra\u00dfe [&hellip;]","_links":{"self":[{"href":"https:\/\/dreluso-lohnherstellung.de\/en\/wp-json\/wp\/v2\/pages\/201","targetHints":{"allow":["GET"]}}],"collection":[{"href":"https:\/\/dreluso-lohnherstellung.de\/en\/wp-json\/wp\/v2\/pages"}],"about":[{"href":"https:\/\/dreluso-lohnherstellung.de\/en\/wp-json\/wp\/v2\/types\/page"}],"author":[{"embeddable":true,"href":"https:\/\/dreluso-lohnherstellung.de\/en\/wp-json\/wp\/v2\/users\/1"}],"replies":[{"embeddable":true,"href":"https:\/\/dreluso-lohnherstellung.de\/en\/wp-json\/wp\/v2\/comments?post=201"}],"version-history":[{"count":5,"href":"https:\/\/dreluso-lohnherstellung.de\/en\/wp-json\/wp\/v2\/pages\/201\/revisions"}],"predecessor-version":[{"id":256,"href":"https:\/\/dreluso-lohnherstellung.de\/en\/wp-json\/wp\/v2\/pages\/201\/revisions\/256"}],"wp:attachment":[{"href":"https:\/\/dreluso-lohnherstellung.de\/en\/wp-json\/wp\/v2\/media?parent=201"}],"curies":[{"name":"wp","href":"https:\/\/api.w.org\/{rel}","templated":true}]}}